{"id":1601,"date":"2024-04-30T15:46:02","date_gmt":"2024-04-30T15:46:02","guid":{"rendered":"https:\/\/onboarding.dynatos.com\/get-in-touch\/"},"modified":"2025-03-11T10:59:37","modified_gmt":"2025-03-11T10:59:37","slug":"get-in-touch","status":"publish","type":"page","link":"https:\/\/onboarding.dynatos.com\/nl\/get-in-touch\/","title":{"rendered":"Get in touch"},"content":{"rendered":"<section class=\"l-section wpb_row us_custom_2787ed93 height_large\"><div class=\"l-section-h i-cf\"><div class=\"g-cols vc_row via_flex valign_bottom type_default stacking_default\"><div class=\"vc_col-sm-12 wpb_column vc_column_container\"><div class=\"vc_column-inner us_custom_2ffc38a4\"><div class=\"wpb_wrapper\"><div class=\"g-cols wpb_row us_custom_d60cac2d via_flex valign_middle type_default stacking_default\"><div class=\"vc_col-sm-6 wpb_column vc_column_container\"><div class=\"vc_column-inner\"><div class=\"wpb_wrapper\"><div class=\"wpb_text_column us_custom_6df4bc3a has_text_color\"><div class=\"wpb_wrapper\"><h1>Neem contact op<\/h1>\n<p class=\"onderschrift\">Laat uw bericht achter<\/p>\n<\/div><\/div><div class=\"wpb_text_column us_custom_34f93b74 has_text_color\"><div class=\"wpb_wrapper\"><p>Ons team staat klaar om u de nodige ondersteuning en hulp te bieden. Vul gerust het onderstaande formulier in en we nemen zo spoedig mogelijk contact met u op. Uw vragen zijn belangrijk voor ons en we horen graag van u.<\/p>\n<\/div><\/div><\/div><\/div><\/div><div class=\"vc_col-sm-6 wpb_column vc_column_container\"><div class=\"vc_column-inner\"><div class=\"wpb_wrapper\"><div class=\"w-image align_right\"><div class=\"w-image-h\"><img decoding=\"async\" width=\"425\" height=\"425\" src=\"https:\/\/onboarding.dynatos.com\/wp-content\/uploads\/2024\/05\/Getintouch.svg\" class=\"attachment-us_425_425 size-us_425_425\" alt=\"\" loading=\"lazy\" \/><\/div><\/div><\/div><\/div><\/div><\/div><div class=\"w-separator size_custom\" style=\"height:30px\"><\/div><\/div><\/div><\/div><\/div><\/div><\/section><section class=\"l-section wpb_row us_custom_b39bef63 height_medium with_img\"><div class=\"l-section-img\" role=\"img\" data-img-width=\"\" data-img-height=\"\" style=\"background-image: url(https:\/\/onboarding.dynatos.com\/wp-content\/uploads\/2024\/04\/Mid-image.svg);background-position: center left;background-repeat: no-repeat;background-size: auto;\"><\/div><div class=\"l-section-h i-cf\"><div class=\"g-cols vc_row via_flex valign_top type_default stacking_default\" style=\"--additional-gap:20px;\"><div class=\"vc_col-sm-6 wpb_column vc_column_container\"><div class=\"vc_column-inner us_custom_f365b7f3\"><div class=\"wpb_wrapper\"><div class=\"wpb_text_column us_custom_8d5aa4e2\" id=\"#leavemessage\"><div class=\"wpb_wrapper\"><h2>Neem contact met ons op<\/h2>\n<\/div><\/div><div class=\"g-cols wpb_row via_flex valign_top type_default stacking_default\"><div class=\"vc_col-sm-12 wpb_column vc_column_container has_bg_color\"><div class=\"vc_column-inner us_custom_bc2dc601\"><div class=\"wpb_wrapper\"><div class=\"wpb_text_column us_custom_bc039f8a\"><div class=\"wpb_wrapper\">\n\t\t\t\t\t\t<script>\n\t\t\t\t\t\t\twindow.hsFormsOnReady = window.hsFormsOnReady || [];\n\t\t\t\t\t\t\twindow.hsFormsOnReady.push(()=>{\n\t\t\t\t\t\t\t\thbspt.forms.create({\n\t\t\t\t\t\t\t\t\tportalId: 25303047,\n\t\t\t\t\t\t\t\t\tformId: \"61b975cc-3de4-4758-957c-9d3bafa926f6\",\n\t\t\t\t\t\t\t\t\ttarget: \"#hbspt-form-1775519157000-5007409784\",\n\t\t\t\t\t\t\t\t\tregion: \"eu1\",\n\t\t\t\t\t\t\t\t\t\n\t\t\t\t\t\t\t})});\n\t\t\t\t\t\t<\/script>\n\t\t\t\t\t\t<div class=\"hbspt-form\" id=\"hbspt-form-1775519157000-5007409784\"><\/div>\n<\/div><\/div><\/div><\/div><\/div><\/div><\/div><\/div><\/div><div class=\"vc_col-sm-6 wpb_column vc_column_container\" id=\"ouroffices\"><div class=\"vc_column-inner us_custom_79d662c0\"><div class=\"wpb_wrapper\"><div class=\"wpb_text_column us_custom_478e95d4\"><div class=\"wpb_wrapper\"><h2>Onze kantoren<\/h2>\n<\/div><\/div><div class=\"g-cols wpb_row us_custom_e3a8ee83 via_flex valign_top type_default stacking_default\" style=\"--additional-gap:10px;\"><div class=\"vc_col-sm-6 wpb_column vc_column_container has_bg_color\"><div class=\"vc_column-inner us_custom_00fa26b0\"><div class=\"wpb_wrapper\"><div class=\"wpb_text_column\"><div class=\"wpb_wrapper\"><h3>BE<\/h3>\n<p style=\"color: #999999;\">Belgi\u00eb<\/p>\n<\/div><\/div><div class=\"wpb_text_column\"><div class=\"wpb_wrapper\"><p>Velkant 35D, 2550<br \/>\nKontich<br \/>\n+32 34 43 12 00<\/p>\n<\/div><\/div><div class=\"w-hwrapper valign_top align_none\" style=\"--hwrapper-gap:0.8rem\"><div class=\"w-btn-wrapper align_none\"><a class=\"w-btn us-btn-style_13 us_custom_3d6bfe27 icon_atleft text_none\" aria-label=\"Button\" href=\"info@dynatos.com\"><i class=\"fas fa-envelope\"><\/i><\/a><\/div><div class=\"w-btn-wrapper align_none\"><a class=\"w-btn us-btn-style_13 us_custom_3d6bfe27 icon_atleft text_none\" aria-label=\"Button\" rel=\"nofollow\" href=\"https:\/\/maps.app.goo.gl\/PtcVtNBQew5TiJHM8\"><i class=\"fas fa-map-marked-alt\"><\/i><\/a><\/div><\/div><\/div><\/div><\/div><div class=\"vc_col-sm-6 wpb_column vc_column_container has_bg_color\"><div class=\"vc_column-inner us_custom_906e731b\"><div class=\"wpb_wrapper\"><div class=\"wpb_text_column\"><div class=\"wpb_wrapper\"><h3>NO<\/h3>\n<p style=\"color: #999999;\">Noorwegen<\/p>\n<\/div><\/div><div class=\"wpb_text_column\"><div class=\"wpb_wrapper\"><p>S\u00f8rkedalsveien 6, 0369<br \/>\nOslo<br \/>\n+47 22 11 09 00<\/p>\n<\/div><\/div><div class=\"w-hwrapper valign_top align_none\" style=\"--hwrapper-gap:0.8rem\"><div class=\"w-btn-wrapper align_none\"><a class=\"w-btn us-btn-style_13 us_custom_3d6bfe27 icon_atleft text_none\" aria-label=\"Button\" href=\"info@dynatos.no\"><i class=\"fas fa-envelope\"><\/i><\/a><\/div><div class=\"w-btn-wrapper align_none\"><a class=\"w-btn us-btn-style_13 us_custom_3d6bfe27 icon_atleft text_none\" aria-label=\"Button\" rel=\"nofollow\" href=\"https:\/\/goo.gl\/maps\/1T8xPGpMgPpjxih56\"><i class=\"fas fa-map-marked-alt\"><\/i><\/a><\/div><\/div><\/div><\/div><\/div><\/div><div class=\"g-cols wpb_row us_custom_e3a8ee83 via_flex valign_top type_default stacking_default\" style=\"--additional-gap:10px;\"><div class=\"vc_col-sm-6 wpb_column vc_column_container has_bg_color\"><div class=\"vc_column-inner us_custom_00fa26b0\"><div class=\"wpb_wrapper\"><div class=\"wpb_text_column\"><div class=\"wpb_wrapper\"><h3>NL<\/h3>\n<p style=\"color: #999999;\">Nederland<\/p>\n<\/div><\/div><div class=\"wpb_text_column\"><div class=\"wpb_wrapper\"><p>Astronaut 22G, 3824 MJ<br \/>\nAmersfoort<br \/>\n+31 30 30 74 32 7<\/p>\n<\/div><\/div><div class=\"w-hwrapper valign_top align_none\" style=\"--hwrapper-gap:0.8rem\"><div class=\"w-btn-wrapper align_none\"><a class=\"w-btn us-btn-style_13 us_custom_3d6bfe27 icon_atleft text_none\" aria-label=\"Button\" href=\"info@dynatos.nl\"><i class=\"fas fa-envelope\"><\/i><\/a><\/div><div class=\"w-btn-wrapper align_none\"><a class=\"w-btn us-btn-style_13 us_custom_3d6bfe27 icon_atleft text_none\" aria-label=\"Button\" rel=\"nofollow\" href=\"https:\/\/maps.app.goo.gl\/6kVJd9gPajiyCDH3A\"><i class=\"fas fa-map-marked-alt\"><\/i><\/a><\/div><\/div><\/div><\/div><\/div><div class=\"vc_col-sm-6 wpb_column vc_column_container has_bg_color\"><div class=\"vc_column-inner us_custom_906e731b\"><div class=\"wpb_wrapper\"><div class=\"wpb_text_column\"><div class=\"wpb_wrapper\"><h3>DE<\/h3>\n<p style=\"color: #999999;\">Duitsland<\/p>\n<\/div><\/div><div class=\"wpb_text_column\"><div class=\"wpb_wrapper\"><p>Europadamm 4, 41460<br \/>\nNeuss<br \/>\n+49 69 50 50 64 410<\/p>\n<\/div><\/div><div class=\"w-hwrapper valign_top align_none\" style=\"--hwrapper-gap:0.8rem\"><div class=\"w-btn-wrapper align_none\"><a class=\"w-btn us-btn-style_13 us_custom_3d6bfe27 icon_atleft text_none\" aria-label=\"Button\" href=\"info@dynatos.de\"><i class=\"fas fa-envelope\"><\/i><\/a><\/div><div class=\"w-btn-wrapper align_none\"><a class=\"w-btn us-btn-style_13 us_custom_3d6bfe27 icon_atleft text_none\" aria-label=\"Button\" rel=\"nofollow\" href=\"https:\/\/goo.gl\/maps\/VJTR9k5pwLribYxa8\"><i class=\"fas fa-map-marked-alt\"><\/i><\/a><\/div><\/div><\/div><\/div><\/div><\/div><div class=\"g-cols wpb_row us_custom_e3a8ee83 via_flex valign_top type_default stacking_default\" style=\"--additional-gap:10px;\"><div class=\"vc_col-sm-6 wpb_column vc_column_container has_bg_color\"><div class=\"vc_column-inner us_custom_00fa26b0\"><div class=\"wpb_wrapper\"><div class=\"wpb_text_column\"><div class=\"wpb_wrapper\"><h3>DK<\/h3>\n<p style=\"color: #999999;\">Denemarken<\/p>\n<\/div><\/div><div class=\"wpb_text_column\"><div class=\"wpb_wrapper\"><p>Lautruph\u00f8j 5, DK-2750<br \/>\nBallerup<br \/>\n+45 77 77 10 01<\/p>\n<\/div><\/div><div class=\"w-hwrapper valign_top align_none\" style=\"--hwrapper-gap:0.8rem\"><div class=\"w-btn-wrapper align_none\"><a class=\"w-btn us-btn-style_13 us_custom_3d6bfe27 icon_atleft text_none\" aria-label=\"Button\" href=\"info@dynatos.dk\"><i class=\"fas fa-envelope\"><\/i><\/a><\/div><div class=\"w-btn-wrapper align_none\"><a class=\"w-btn us-btn-style_13 us_custom_3d6bfe27 icon_atleft text_none\" aria-label=\"Button\" rel=\"nofollow\" href=\"https:\/\/goo.gl\/maps\/2hvdkz64dtZVTRd7A\"><i class=\"fas fa-map-marked-alt\"><\/i><\/a><\/div><\/div><\/div><\/div><\/div><div class=\"vc_col-sm-6 wpb_column vc_column_container has_bg_color\"><div class=\"vc_column-inner us_custom_906e731b\"><div class=\"wpb_wrapper\"><div class=\"wpb_text_column\"><div class=\"wpb_wrapper\"><h3>ES<\/h3>\n<p style=\"color: #999999;\">Spanje<\/p>\n<\/div><\/div><div class=\"wpb_text_column\"><div class=\"wpb_wrapper\"><p>Calle Poeta Joan Maragall, 23<br \/>\n28020 Madrid<br \/>\n+34 91 61 38 82 2<\/p>\n<\/div><\/div><div class=\"w-hwrapper valign_top align_none\" style=\"--hwrapper-gap:0.8rem\"><div class=\"w-btn-wrapper align_none\"><a class=\"w-btn us-btn-style_13 us_custom_3d6bfe27 icon_atleft text_none\" aria-label=\"Button\" href=\"info@dynatos.es\"><i class=\"fas fa-envelope\"><\/i><\/a><\/div><div class=\"w-btn-wrapper align_none\"><a class=\"w-btn us-btn-style_13 us_custom_3d6bfe27 icon_atleft text_none\" aria-label=\"Button\" rel=\"nofollow\" href=\"https:\/\/maps.app.goo.gl\/cecM62zaRE13TLNJA\"><i class=\"fas fa-map-marked-alt\"><\/i><\/a><\/div><\/div><\/div><\/div><\/div><\/div><\/div><\/div><\/div><\/div><\/div><\/section><section class=\"l-section wpb_row us_custom_89047526 has_text_color height_medium with_img\" id=\"aboutus\"><div class=\"l-section-img\" role=\"img\" data-img-width=\"\" data-img-height=\"\" style=\"background-image: url(https:\/\/onboarding.dynatos.com\/wp-content\/uploads\/2024\/04\/info-image-three.svg);background-position: top right;background-repeat: no-repeat;background-size: auto;\"><\/div><div class=\"l-section-h i-cf\"><div class=\"g-cols vc_row via_flex valign_top type_default stacking_default\"><div class=\"vc_col-sm-12 wpb_column vc_column_container\"><div class=\"vc_column-inner us_custom_e325f8c6\"><div class=\"wpb_wrapper\"><div class=\"wpb_text_column us_custom_3090c82c\"><div class=\"wpb_wrapper\"><h2>Over ons<\/h2>\n<\/div><\/div><div class=\"g-cols wpb_row via_flex valign_middle type_default stacking_default\"><div class=\"vc_col-sm-8 wpb_column vc_column_container\"><div class=\"vc_column-inner\"><div class=\"wpb_wrapper\"><div class=\"wpb_text_column\"><div class=\"wpb_wrapper\"><p data-start=\"0\" data-end=\"287\">Dynatos is een vertrouwde adviseur en strategische partner voor financi\u00eble procesoptimalisatie. Wij streven voortdurend naar perfectie door expertise, inspirerende idee\u00ebn en innovatieve technologie\u00ebn samen te brengen om uw organisatie digitaal, effici\u00ebnter en toekomstbestendig te maken.<\/p>\n<p data-start=\"289\" data-end=\"762\" data-is-last-node=\"\" data-is-only-node=\"\">Dynatos kenmerkt zich door een no-nonsense cultuur waarin betrokkenheid en klantbeleving centraal staan. Wij bieden onze medewerkers een inspirerende werkomgeving waarin nieuwsgierigheid en kritisch denken worden gestimuleerd. Dankzij deze aanpak, onze expertise en klanttevredenheid zijn wij binnen tien jaar uitgegroeid tot een betrouwbare partner voor financi\u00eble procesautomatisering, met kantoren in Nederland, Belgi\u00eb, Duitsland, Denemarken, Noorwegen, Polen en Spanje.<\/p>\n<\/div><\/div><\/div><\/div><\/div><div class=\"vc_col-sm-4 wpb_column vc_column_container\"><div class=\"vc_column-inner\"><div class=\"wpb_wrapper\"><div class=\"w-image us_custom_65dee96e align_none\"><div class=\"w-image-h\"><img decoding=\"async\" width=\"300\" height=\"300\" src=\"https:\/\/onboarding.dynatos.com\/wp-content\/uploads\/2024\/04\/DYN.svg\" class=\"attachment-medium size-medium\" alt=\"\" loading=\"lazy\" \/><\/div><\/div><div class=\"w-btn-wrapper align_center\"><a class=\"w-btn us-btn-style_16 us_custom_aab81547 icon_atleft text_none\" aria-label=\"Button\" href=\"https:\/\/www.dynatos.com\"><i class=\"fas fa-arrow-right\"><\/i><\/a><\/div><\/div><\/div><\/div><\/div><\/div><\/div><\/div><\/div><\/div><\/section>\n","protected":false},"excerpt":{"rendered":"Neem contact op Laat uw bericht achter Ons team staat klaar om u de nodige ondersteuning en hulp te bieden. Vul gerust het onderstaande formulier in en we nemen zo spoedig mogelijk contact met u op. Uw vragen zijn belangrijk voor ons en we horen graag van u. Neem contact met ons op Onze kantoren...","protected":false},"author":3,"featured_media":0,"parent":0,"menu_order":0,"comment_status":"closed","ping_status":"closed","template":"","meta":{"_acf_changed":false,"content-type":"","inline_featured_image":false,"footnotes":""},"class_list":["post-1601","page","type-page","status-publish","hentry"],"acf":[],"_links":{"self":[{"href":"https:\/\/onboarding.dynatos.com\/nl\/wp-json\/wp\/v2\/pages\/1601","targetHints":{"allow":["GET"]}}],"collection":[{"href":"https:\/\/onboarding.dynatos.com\/nl\/wp-json\/wp\/v2\/pages"}],"about":[{"href":"https:\/\/onboarding.dynatos.com\/nl\/wp-json\/wp\/v2\/types\/page"}],"author":[{"embeddable":true,"href":"https:\/\/onboarding.dynatos.com\/nl\/wp-json\/wp\/v2\/users\/3"}],"replies":[{"embeddable":true,"href":"https:\/\/onboarding.dynatos.com\/nl\/wp-json\/wp\/v2\/comments?post=1601"}],"version-history":[{"count":3,"href":"https:\/\/onboarding.dynatos.com\/nl\/wp-json\/wp\/v2\/pages\/1601\/revisions"}],"predecessor-version":[{"id":1604,"href":"https:\/\/onboarding.dynatos.com\/nl\/wp-json\/wp\/v2\/pages\/1601\/revisions\/1604"}],"wp:attachment":[{"href":"https:\/\/onboarding.dynatos.com\/nl\/wp-json\/wp\/v2\/media?parent=1601"}],"curies":[{"name":"wp","href":"https:\/\/api.w.org\/{rel}","templated":true}]}}